{"id":14,"date":"2025-10-15T22:53:15","date_gmt":"2025-10-15T22:53:15","guid":{"rendered":"https:\/\/perfilrk.com.br\/website\/?page_id=14"},"modified":"2025-10-17T13:10:50","modified_gmt":"2025-10-17T13:10:50","slug":"home","status":"publish","type":"page","link":"https:\/\/perfilrk.com.br\/website\/","title":{"rendered":"HOME"},"content":{"rendered":"\n<div class=\"wp-block-cover alignfull is-light hestia-clear-top-padding\"><span aria-hidden=\"true\" class=\"wp-block-cover__background has-white-background-color has-background-dim\"><\/span><div class=\"wp-block-cover__inner-container is-layout-flow wp-block-cover-is-layout-flow\">\n<div style=\"height:30px\" aria-hidden=\"true\" class=\"wp-block-spacer\"><\/div>\n\n\n\n<hr class=\"wp-block-separator has-alpha-channel-opacity\"\/>\n\n\n\n<div style=\"height:60px\" aria-hidden=\"true\" class=\"wp-block-spacer\"><\/div>\n\n\n\n<h1 class=\"wp-block-heading has-text-align-center has-text-color\" style=\"color:#3c4858\">O que nos diferencia?<\/h1>\n\n\n\n<div style=\"height:40px\" aria-hidden=\"true\" class=\"wp-block-spacer\"><\/div>\n\n\n\n<div class=\"wp-block-columns container is-layout-flex wp-container-core-columns-is-layout-28f84493 wp-block-columns-is-layout-flex\">\n<div class=\"wp-block-column is-layout-flow wp-block-column-is-layout-flow\"><div class=\"wp-block-image is-style-default\">\n<figure class=\"aligncenter size-full is-resized\"><img loading=\"lazy\" decoding=\"async\" width=\"512\" height=\"512\" src=\"https:\/\/perfilrk.com.br\/website\/wp-content\/uploads\/2025\/10\/proposito-1.png\" alt=\"\" class=\"wp-image-164\" style=\"width:128px;height:auto\" srcset=\"https:\/\/perfilrk.com.br\/website\/wp-content\/uploads\/2025\/10\/proposito-1.png 512w, https:\/\/perfilrk.com.br\/website\/wp-content\/uploads\/2025\/10\/proposito-1-300x300.png 300w, https:\/\/perfilrk.com.br\/website\/wp-content\/uploads\/2025\/10\/proposito-1-150x150.png 150w\" sizes=\"auto, (max-width: 512px) 100vw, 512px\" \/><\/figure><\/div>\n\n\n<h4 id=\"wp-block-themeisle-blocks-advanced-heading-2714d7bb\" class=\"wp-block-themeisle-blocks-advanced-heading wp-block-themeisle-blocks-advanced-heading-2714d7bb\">Inova\u00e7\u00e3o com Prop\u00f3sito<\/h4>\n\n\n\n<p id=\"wp-block-themeisle-blocks-advanced-heading-86d64d56\" class=\"wp-block-themeisle-blocks-advanced-heading wp-block-themeisle-blocks-advanced-heading-86d64d56 o-typing-delay-100ms\">N\u00e3o seguimos tend\u00eancias por impulso.<br>Cada orienta\u00e7ao nasce de an\u00e1lise t\u00e9cnica e experi\u00eancia pr\u00e1tica. Escolhemos tecnologias com base em prop\u00f3sito, aplicabilidade e valor agregado ao cliente, e n\u00e3o o que est\u00e1 \u201cem alta\u201d.<\/p>\n\n\n\n<div style=\"height:25px\" aria-hidden=\"true\" class=\"wp-block-spacer\"><\/div>\n<\/div>\n\n\n\n<div class=\"wp-block-column is-layout-flow wp-block-column-is-layout-flow\"><div class=\"wp-block-image\">\n<figure class=\"aligncenter size-full is-resized\"><img loading=\"lazy\" decoding=\"async\" width=\"639\" height=\"450\" src=\"https:\/\/perfilrk.com.br\/website\/wp-content\/uploads\/2025\/10\/custo-beneficio.webp\" alt=\"\" class=\"wp-image-163\" style=\"width:180px;height:auto\" srcset=\"https:\/\/perfilrk.com.br\/website\/wp-content\/uploads\/2025\/10\/custo-beneficio.webp 639w, https:\/\/perfilrk.com.br\/website\/wp-content\/uploads\/2025\/10\/custo-beneficio-300x211.webp 300w\" sizes=\"auto, (max-width: 639px) 100vw, 639px\" \/><\/figure><\/div>\n\n\n<h4 id=\"wp-block-themeisle-blocks-advanced-heading-cc487ec3\" class=\"wp-block-themeisle-blocks-advanced-heading wp-block-themeisle-blocks-advanced-heading-cc487ec3\">Qualidade e Custo-Benef\u00edcio<\/h4>\n\n\n\n<p id=\"wp-block-themeisle-blocks-advanced-heading-fd8a4d8a\" class=\"wp-block-themeisle-blocks-advanced-heading wp-block-themeisle-blocks-advanced-heading-fd8a4d8a\">Recomendamos apenas o que \u00e9 realmente necess\u00e1rio. Nosso foco \u00e9 encontrar o ponto ideal entre desempenho, seguran\u00e7a e investimento, garantindo solu\u00e7\u00f5es sustent\u00e1veis e inteligentes a longo prazo.<\/p>\n\n\n\n<div style=\"height:25px\" aria-hidden=\"true\" class=\"wp-block-spacer\"><\/div>\n<\/div>\n\n\n\n<div class=\"wp-block-column is-layout-flow wp-block-column-is-layout-flow\"><div class=\"wp-block-image\">\n<figure class=\"aligncenter size-full is-resized\"><img loading=\"lazy\" decoding=\"async\" width=\"1000\" height=\"959\" src=\"https:\/\/perfilrk.com.br\/website\/wp-content\/uploads\/2025\/10\/consultoria.webp\" alt=\"\" class=\"wp-image-165\" style=\"width:134px;height:auto\" srcset=\"https:\/\/perfilrk.com.br\/website\/wp-content\/uploads\/2025\/10\/consultoria.webp 1000w, https:\/\/perfilrk.com.br\/website\/wp-content\/uploads\/2025\/10\/consultoria-300x288.webp 300w, https:\/\/perfilrk.com.br\/website\/wp-content\/uploads\/2025\/10\/consultoria-768x737.webp 768w\" sizes=\"auto, (max-width: 1000px) 100vw, 1000px\" \/><\/figure><\/div>\n\n\n<h4 id=\"wp-block-themeisle-blocks-advanced-heading-5e29bf16\" class=\"wp-block-themeisle-blocks-advanced-heading wp-block-themeisle-blocks-advanced-heading-5e29bf16\">Consultoria e Confian\u00e7a<\/h4>\n\n\n\n<p id=\"wp-block-themeisle-blocks-advanced-heading-5d6890de\" class=\"wp-block-themeisle-blocks-advanced-heading wp-block-themeisle-blocks-advanced-heading-5d6890de\">O cliente n\u00e3o precisa entender de TI. Voc\u00ea precisa confiar em quem entende.<br>Assumimos o papel consultivo completo: orientamos, explicamos e tomamos decis\u00f5es t\u00e9cnicas de forma transparente, sem \u201cempurrar\u201d nada desnecess\u00e1rio.<\/p>\n\n\n\n<div style=\"height:25px\" aria-hidden=\"true\" class=\"wp-block-spacer\"><\/div>\n<\/div>\n<\/div>\n<\/div><\/div>\n\n\n\n<div style=\"height:50px\" aria-hidden=\"true\" class=\"wp-block-spacer\"><\/div>\n\n\n\n<hr class=\"wp-block-separator has-alpha-channel-opacity\"\/>\n\n\n\n<div style=\"height:50px\" aria-hidden=\"true\" class=\"wp-block-spacer\"><\/div>\n\n\n\n<div class=\"wp-block-group alignwide servicos-grid\"><div class=\"wp-block-group__inner-container is-layout-constrained wp-block-group-is-layout-constrained\">\n<h1 class=\"wp-block-heading has-text-align-center\">Principais servi\u00e7os<\/h1>\n\n\n\n<div style=\"height:60px;width:0px\" aria-hidden=\"true\" class=\"wp-block-spacer\"><\/div>\n\n\n\n<div class=\"wp-block-columns is-layout-flex wp-container-core-columns-is-layout-47c06fe3 wp-block-columns-is-layout-flex\">\n<div class=\"wp-block-column is-vertically-aligned-center is-layout-flow wp-block-column-is-layout-flow\">\n<div class=\"wp-block-group has-background\" style=\"border-radius:8px;background-color:#f9f8f7;padding-top:32px;padding-right:32px;padding-bottom:32px;padding-left:32px\"><div class=\"wp-block-group__inner-container is-layout-constrained wp-container-core-group-is-layout-3432adc9 wp-block-group-is-layout-constrained\">\n<h2 class=\"wp-block-heading\"><strong>Infraestrutura de Rede<\/strong><\/h2>\n\n\n\n<p>Projetamos, implementamos e otimizamos redes cabeadas e Wi-Fi (Ubiquiti, TP-Link, HP Aruba), com foco em desempenho, estabilidade e seguran\u00e7a.<br><strong>Do rack ao endpoint<\/strong>, cada detalhe \u00e9 planejado para entregar conectividade sem falhas.<\/p>\n<\/div><\/div>\n<\/div>\n\n\n\n<div class=\"wp-block-column is-vertically-aligned-center is-layout-flow wp-block-column-is-layout-flow\">\n<div class=\"wp-block-group has-white-color has-accent-background-color has-text-color has-background has-link-color wp-elements-cf0d46faff725f5669fe62cbaaebd386\" style=\"border-radius:8px;padding-top:32px;padding-right:32px;padding-bottom:32px;padding-left:32px\"><div class=\"wp-block-group__inner-container is-layout-constrained wp-container-core-group-is-layout-3432adc9 wp-block-group-is-layout-constrained\">\n<h2 class=\"wp-block-heading\">Cloud &amp; Virtualiza\u00e7\u00e3o<\/h2>\n\n\n\n<p>Especialista em <strong>OCI, Azure e AWS<\/strong>, desenvolvemos arquiteturas sob medida para ambientes h\u00edbridos, garantindo escalabilidade, economia e seguran\u00e7a.<br>Da migra\u00e7\u00e3o \u00e0 sustenta\u00e7\u00e3o, sua opera\u00e7\u00e3o na nuvem com m\u00e1xima efici\u00eancia.<\/p>\n<\/div><\/div>\n<\/div>\n\n\n\n<div class=\"wp-block-column is-vertically-aligned-center is-layout-flow wp-block-column-is-layout-flow\">\n<div class=\"wp-block-group has-background\" style=\"border-radius:8px;background-color:#f9f8f7;padding-top:32px;padding-right:32px;padding-bottom:32px;padding-left:32px\"><div class=\"wp-block-group__inner-container is-layout-constrained wp-container-core-group-is-layout-3432adc9 wp-block-group-is-layout-constrained\">\n<h2 class=\"wp-block-heading\">Microsoft 365<\/h2>\n\n\n\n<p>Administra\u00e7\u00e3o avan\u00e7ada de Microsoft 365, Exchange Online, SharePoint, Teams e Entra ID.<br>Gerenciamos identidades, permiss\u00f5es, pol\u00edticas de seguran\u00e7a e compliance, alinhando tecnologia \u00e0 governan\u00e7a do seu neg\u00f3cio.<\/p>\n<\/div><\/div>\n<\/div>\n<\/div>\n\n\n\n<div class=\"wp-block-columns is-layout-flex wp-container-core-columns-is-layout-47c06fe3 wp-block-columns-is-layout-flex\">\n<div class=\"wp-block-column is-vertically-aligned-center is-layout-flow wp-block-column-is-layout-flow\">\n<div class=\"wp-block-group has-white-color has-accent-background-color has-text-color has-background has-link-color wp-elements-badd3abef8c8617b705b43f29f252f8a\" style=\"border-radius:8px;padding-top:32px;padding-right:32px;padding-bottom:32px;padding-left:32px\"><div class=\"wp-block-group__inner-container is-layout-constrained wp-container-core-group-is-layout-3432adc9 wp-block-group-is-layout-constrained\">\n<h2 class=\"wp-block-heading\">Firewall &amp; SGSI<\/h2>\n\n\n\n<p>Implementamos e mantemos pol\u00edticas robustas de seguran\u00e7a com pfSense e FortiGate, protegendo redes e dados contra amea\u00e7as.<br>Monitoramento ativo, segmenta\u00e7\u00e3o de tr\u00e1fego e integra\u00e7\u00e3o com solu\u00e7\u00f5es de backup e DR.<\/p>\n<\/div><\/div>\n<\/div>\n\n\n\n<div class=\"wp-block-column is-vertically-aligned-center is-layout-flow wp-block-column-is-layout-flow\">\n<div class=\"wp-block-group has-background\" style=\"border-radius:8px;background-color:#f9f8f7;padding-top:32px;padding-right:32px;padding-bottom:32px;padding-left:32px\"><div class=\"wp-block-group__inner-container is-layout-constrained wp-container-core-group-is-layout-3432adc9 wp-block-group-is-layout-constrained\">\n<h2 class=\"wp-block-heading\">Backup &amp; DR<\/h2>\n\n\n\n<p>Planejamento, implementa\u00e7\u00e3o e gest\u00e3o de rotinas de backup, garantindo recupera\u00e7\u00e3o r\u00e1pida e continuidade de neg\u00f3cios em qualquer cen\u00e1rio. Backups h\u00edbridos (local + cloud), restaura\u00e7\u00e3o instant\u00e2nea e pol\u00edticas automatizadas de reten\u00e7\u00e3o.<\/p>\n<\/div><\/div>\n<\/div>\n\n\n\n<div class=\"wp-block-column is-vertically-aligned-center is-layout-flow wp-block-column-is-layout-flow\">\n<div class=\"wp-block-group has-white-color has-accent-background-color has-text-color has-background has-link-color wp-elements-fe1a6edb90e2e9f91c9af6cbb0642757\" style=\"border-radius:8px;padding-top:32px;padding-right:32px;padding-bottom:32px;padding-left:32px\"><div class=\"wp-block-group__inner-container is-layout-constrained wp-container-core-group-is-layout-3432adc9 wp-block-group-is-layout-constrained\">\n<h2 class=\"wp-block-heading\">Consultoria &amp; Suporte <\/h2>\n\n\n\n<p>Atendimento personalizado com foco em resultados.<br>Combinamos an\u00e1lise estrat\u00e9gica, gest\u00e3o de tickets, automa\u00e7\u00f5es e acompanhamento t\u00e9cnico constante para cada cliente.<\/p>\n<\/div><\/div>\n<\/div>\n<\/div>\n<\/div><\/div>\n\n\n\n<div style=\"height:60px\" aria-hidden=\"true\" class=\"wp-block-spacer\"><\/div>\n\n\n\n<hr class=\"wp-block-separator has-alpha-channel-opacity\"\/>\n\n\n\n<div style=\"height:60px\" aria-hidden=\"true\" class=\"wp-block-spacer\"><\/div>\n\n\n\n<p class=\"has-text-align-center\"><strong>Alguns de nossos clientes e parceiros<\/strong><\/p>\n\n\n\n<p><\/p>\n","protected":false},"excerpt":{"rendered":"<p>Principais servi\u00e7os Infraestrutura de Rede Projetamos, implementamos e otimizamos redes cabeadas e Wi-Fi (Ubiquiti, TP-Link, HP Aruba), com foco em desempenho, estabilidade e seguran\u00e7a.Do rack ao endpoint, cada detalhe \u00e9 planejado para entregar conectividade sem falhas. Cloud &amp; Virtualiza\u00e7\u00e3o Especialista em OCI, Azure e AWS, desenvolvemos arquiteturas sob medida para [&hellip;]<\/p>\n","protected":false},"author":1,"featured_media":0,"parent":0,"menu_order":0,"comment_status":"closed","ping_status":"closed","template":"","meta":{"_themeisle_gutenberg_block_has_review":false,"footnotes":""},"class_list":["post-14","page","type-page","status-publish","hentry"],"_hostinger_reach_plugin_has_subscription_block":false,"_hostinger_reach_plugin_is_elementor":false,"_links":{"self":[{"href":"https:\/\/perfilrk.com.br\/website\/wp-json\/wp\/v2\/pages\/14","targetHints":{"allow":["GET"]}}],"collection":[{"href":"https:\/\/perfilrk.com.br\/website\/wp-json\/wp\/v2\/pages"}],"about":[{"href":"https:\/\/perfilrk.com.br\/website\/wp-json\/wp\/v2\/types\/page"}],"author":[{"embeddable":true,"href":"https:\/\/perfilrk.com.br\/website\/wp-json\/wp\/v2\/users\/1"}],"replies":[{"embeddable":true,"href":"https:\/\/perfilrk.com.br\/website\/wp-json\/wp\/v2\/comments?post=14"}],"version-history":[{"count":63,"href":"https:\/\/perfilrk.com.br\/website\/wp-json\/wp\/v2\/pages\/14\/revisions"}],"predecessor-version":[{"id":268,"href":"https:\/\/perfilrk.com.br\/website\/wp-json\/wp\/v2\/pages\/14\/revisions\/268"}],"wp:attachment":[{"href":"https:\/\/perfilrk.com.br\/website\/wp-json\/wp\/v2\/media?parent=14"}],"curies":[{"name":"wp","href":"https:\/\/api.w.org\/{rel}","templated":true}]}}