{"id":49,"date":"2025-10-16T14:03:42","date_gmt":"2025-10-16T14:03:42","guid":{"rendered":"https:\/\/perfilrk.com.br\/website\/?page_id=49"},"modified":"2025-10-17T13:09:25","modified_gmt":"2025-10-17T13:09:25","slug":"sobre","status":"publish","type":"page","link":"https:\/\/perfilrk.com.br\/website\/sobre\/","title":{"rendered":"SOBRE"},"content":{"rendered":"\n<div class=\"wp-block-group alignwide\"><div class=\"wp-block-group__inner-container is-layout-constrained wp-block-group-is-layout-constrained\">\n<p class=\"has-text-align-center has-accent-color has-text-color has-link-color has-small-font-size wp-elements-6269b010d67e20ecdd86af90d38eb85b\" style=\"font-style:normal;font-weight:600;text-transform:uppercase\"><\/p>\n\n\n\n<h2 class=\"wp-block-heading has-text-align-center\">Conhe\u00e7a mais sobre os idealizadores e o time da PERFILRK.<\/h2>\n\n\n\n<p class=\"has-text-align-center\">Abaixo est\u00e3o os membros respons\u00e1veis para toda a entrega de qualidade que n\u00f3s oferecemos.<\/p>\n\n\n\n<div style=\"height:60px\" aria-hidden=\"true\" class=\"wp-block-spacer\"><\/div>\n\n\n\n<div class=\"wp-block-group has-background\" style=\"border-radius:8px;background-color:#f9f8f7;padding-top:32px;padding-right:32px;padding-bottom:32px;padding-left:32px\"><div class=\"wp-block-group__inner-container is-layout-constrained wp-container-core-group-is-layout-1a1c0e64 wp-block-group-is-layout-constrained\">\n<div class=\"wp-block-columns is-layout-flex wp-container-core-columns-is-layout-cbe57604 wp-block-columns-is-layout-flex\">\n<div class=\"wp-block-column is-layout-flow wp-block-column-is-layout-flow\" style=\"flex-basis:33.33%\">\n<div class=\"wp-block-group\" style=\"margin-top:-64px\"><div class=\"wp-block-group__inner-container is-layout-constrained wp-block-group-is-layout-constrained\">\n<figure class=\"wp-block-image size-full has-custom-border\"><img loading=\"lazy\" decoding=\"async\" width=\"832\" height=\"1109\" src=\"https:\/\/perfilrk.com.br\/website\/wp-content\/uploads\/2025\/10\/foto-perfil-neto-edited.jpg\" alt=\"\" class=\"wp-image-100\" style=\"border-radius:8px;aspect-ratio:3\/4;object-fit:cover\" srcset=\"https:\/\/perfilrk.com.br\/website\/wp-content\/uploads\/2025\/10\/foto-perfil-neto-edited.jpg 832w, https:\/\/perfilrk.com.br\/website\/wp-content\/uploads\/2025\/10\/foto-perfil-neto-edited-225x300.jpg 225w, https:\/\/perfilrk.com.br\/website\/wp-content\/uploads\/2025\/10\/foto-perfil-neto-edited-768x1024.jpg 768w\" sizes=\"auto, (max-width: 832px) 100vw, 832px\" \/><\/figure>\n<\/div><\/div>\n<\/div>\n\n\n\n<div class=\"wp-block-column is-vertically-aligned-center is-layout-flow wp-container-core-column-is-layout-f5bb311e wp-block-column-is-layout-flow\" style=\"flex-basis:66.66%\">\n<h2 class=\"wp-block-heading\">Jos\u00e9 Neto<\/h2>\n\n\n\n<p class=\"has-small-font-size\" style=\"font-style:normal;font-weight:600;text-transform:uppercase\">ARquiteto de Solu\u00e7\u00f5es | Analista de TI S\u00eanior<\/p>\n\n\n\n<p><\/p>\n\n\n\n<p>Jos\u00e9 Carlos do Nascimento Neto, o cara por tr\u00e1s da PERFILRK. Desde 2015, vive tecnologia no dia a dia. Come\u00e7ou no help desk, passou por marketing digital e acabou se encontrando de vez no mundo da infraestrutura e da nuvem. Hoje, ajuda empresas a tirarem o m\u00e1ximo da TI com projetos personalizados a cada necessidade, transformando recursos de tecnologia em resultados reais no dia a dia. Formado em An\u00e1lise e Desenvolvimento de Software, levou sua paix\u00e3o pela infraestrutura adiante, concluindo duas p\u00f3s-gradua\u00e7\u00f5es: uma em Projetos e Arquiteturas em Cloud e outra em Redes de Computadores. Tamb\u00e9m possui certifica\u00e7\u00f5es em Microsoft 365, Oracle Cloud Infrastructure (OCI), Amazon Web Services (AWS) e Microsoft Azure. Mistura teoria, pr\u00e1tica e a curiosidade de quem gosta de ver as coisas funcionando de verdade. E nas suas m\u00e3os, nada vai pra produ\u00e7\u00e3o sem antes passar por um bom caf\u00e9 e muitos testes de laborat\u00f3rio.<\/p>\n\n\n\n<ul class=\"wp-block-social-links has-normal-icon-size has-icon-color has-icon-background-color is-style-default is-layout-flex wp-container-core-social-links-is-layout-5459b461 wp-block-social-links-is-layout-flex\"><li style=\"color: #ffffff; background-color: #e91e63; \" class=\"wp-social-link wp-social-link-linkedin has-white-color wp-block-social-link\"><a href=\"https:\/\/www.linkedin.com\/in\/josecnn\/\" class=\"wp-block-social-link-anchor\"><svg width=\"24\" height=\"24\" viewBox=\"0 0 24 24\" version=\"1.1\" xmlns=\"http:\/\/www.w3.org\/2000\/svg\" aria-hidden=\"true\" focusable=\"false\"><path d=\"M19.7,3H4.3C3.582,3,3,3.582,3,4.3v15.4C3,20.418,3.582,21,4.3,21h15.4c0.718,0,1.3-0.582,1.3-1.3V4.3 C21,3.582,20.418,3,19.7,3z M8.339,18.338H5.667v-8.59h2.672V18.338z M7.004,8.574c-0.857,0-1.549-0.694-1.549-1.548 c0-0.855,0.691-1.548,1.549-1.548c0.854,0,1.547,0.694,1.547,1.548C8.551,7.881,7.858,8.574,7.004,8.574z M18.339,18.338h-2.669 v-4.177c0-0.996-0.017-2.278-1.387-2.278c-1.389,0-1.601,1.086-1.601,2.206v4.249h-2.667v-8.59h2.559v1.174h0.037 c0.356-0.675,1.227-1.387,2.526-1.387c2.703,0,3.203,1.779,3.203,4.092V18.338z\"><\/path><\/svg><span class=\"wp-block-social-link-label screen-reader-text\">LinkedIn<\/span><\/a><\/li>\n\n<li style=\"color: #ffffff; background-color: #e91e63; \" class=\"wp-social-link wp-social-link-instagram has-white-color wp-block-social-link\"><a href=\"#\" class=\"wp-block-social-link-anchor\"><svg width=\"24\" height=\"24\" viewBox=\"0 0 24 24\" version=\"1.1\" xmlns=\"http:\/\/www.w3.org\/2000\/svg\" aria-hidden=\"true\" focusable=\"false\"><path d=\"M12,4.622c2.403,0,2.688,0.009,3.637,0.052c0.877,0.04,1.354,0.187,1.671,0.31c0.42,0.163,0.72,0.358,1.035,0.673 c0.315,0.315,0.51,0.615,0.673,1.035c0.123,0.317,0.27,0.794,0.31,1.671c0.043,0.949,0.052,1.234,0.052,3.637 s-0.009,2.688-0.052,3.637c-0.04,0.877-0.187,1.354-0.31,1.671c-0.163,0.42-0.358,0.72-0.673,1.035 c-0.315,0.315-0.615,0.51-1.035,0.673c-0.317,0.123-0.794,0.27-1.671,0.31c-0.949,0.043-1.233,0.052-3.637,0.052 s-2.688-0.009-3.637-0.052c-0.877-0.04-1.354-0.187-1.671-0.31c-0.42-0.163-0.72-0.358-1.035-0.673 c-0.315-0.315-0.51-0.615-0.673-1.035c-0.123-0.317-0.27-0.794-0.31-1.671C4.631,14.688,4.622,14.403,4.622,12 s0.009-2.688,0.052-3.637c0.04-0.877,0.187-1.354,0.31-1.671c0.163-0.42,0.358-0.72,0.673-1.035 c0.315-0.315,0.615-0.51,1.035-0.673c0.317-0.123,0.794-0.27,1.671-0.31C9.312,4.631,9.597,4.622,12,4.622 M12,3 C9.556,3,9.249,3.01,8.289,3.054C7.331,3.098,6.677,3.25,6.105,3.472C5.513,3.702,5.011,4.01,4.511,4.511 c-0.5,0.5-0.808,1.002-1.038,1.594C3.25,6.677,3.098,7.331,3.054,8.289C3.01,9.249,3,9.556,3,12c0,2.444,0.01,2.751,0.054,3.711 c0.044,0.958,0.196,1.612,0.418,2.185c0.23,0.592,0.538,1.094,1.038,1.594c0.5,0.5,1.002,0.808,1.594,1.038 c0.572,0.222,1.227,0.375,2.185,0.418C9.249,20.99,9.556,21,12,21s2.751-0.01,3.711-0.054c0.958-0.044,1.612-0.196,2.185-0.418 c0.592-0.23,1.094-0.538,1.594-1.038c0.5-0.5,0.808-1.002,1.038-1.594c0.222-0.572,0.375-1.227,0.418-2.185 C20.99,14.751,21,14.444,21,12s-0.01-2.751-0.054-3.711c-0.044-0.958-0.196-1.612-0.418-2.185c-0.23-0.592-0.538-1.094-1.038-1.594 c-0.5-0.5-1.002-0.808-1.594-1.038c-0.572-0.222-1.227-0.375-2.185-0.418C14.751,3.01,14.444,3,12,3L12,3z M12,7.378 c-2.552,0-4.622,2.069-4.622,4.622S9.448,16.622,12,16.622s4.622-2.069,4.622-4.622S14.552,7.378,12,7.378z M12,15 c-1.657,0-3-1.343-3-3s1.343-3,3-3s3,1.343,3,3S13.657,15,12,15z M16.804,6.116c-0.596,0-1.08,0.484-1.08,1.08 s0.484,1.08,1.08,1.08c0.596,0,1.08-0.484,1.08-1.08S17.401,6.116,16.804,6.116z\"><\/path><\/svg><span class=\"wp-block-social-link-label screen-reader-text\">Instagram<\/span><\/a><\/li><\/ul>\n<\/div>\n<\/div>\n<\/div><\/div>\n\n\n\n<div style=\"height:30px\" aria-hidden=\"true\" class=\"wp-block-spacer\"><\/div>\n\n\n\n<div class=\"wp-block-group has-background\" style=\"border-radius:8px;background-color:#f9f8f7;padding-top:32px;padding-right:32px;padding-bottom:32px;padding-left:32px\"><div class=\"wp-block-group__inner-container is-layout-constrained wp-container-core-group-is-layout-1a1c0e64 wp-block-group-is-layout-constrained\">\n<div class=\"wp-block-columns is-layout-flex wp-container-core-columns-is-layout-cbe57604 wp-block-columns-is-layout-flex\">\n<div class=\"wp-block-column is-vertically-aligned-center is-layout-flow wp-container-core-column-is-layout-f5bb311e wp-block-column-is-layout-flow\" style=\"flex-basis:66.66%\">\n<h2 class=\"wp-block-heading\">Thalita Rochinski<\/h2>\n\n\n\n<p class=\"has-small-font-size\" style=\"font-style:normal;font-weight:600;text-transform:uppercase\">Atendimento ao Cliente | Analista Financeiro<\/p>\n\n\n\n<p><\/p>\n\n\n\n<p>Thalita Rochinski Nascimento, o verdadeiro pilar da PERFILRK. O ponto de equil\u00edbrio entre raz\u00e3o, organiza\u00e7\u00e3o e aquele toque de comprometimento que faz tudo girar no tempo certo. O nome da empresa se baseia e carrega muito da sua ess\u00eancia: uma pessoa s\u00e9ria, direta, detalhista e com um olhar afiado pro que realmente importa \u2014 prop\u00f3sito, qualidade e compromisso. Enquanto cuida do lado financeiro com precis\u00e3o cir\u00fargica, tamb\u00e9m \u00e9 quem mant\u00e9m o contato direto com clientes, filtrando dores, entendendo necessidades e traduzindo tudo pro time t\u00e9cnico. Na PERFILRK, nenhuma emo\u00e7\u00e3o passar reto sem seu toque de raz\u00e3o para equilibrar toda essa loucura do mundo da TI.<\/p>\n\n\n\n<ul class=\"wp-block-social-links has-normal-icon-size has-icon-color has-icon-background-color is-style-default is-layout-flex wp-container-core-social-links-is-layout-5459b461 wp-block-social-links-is-layout-flex\"><li style=\"color: #ffffff; background-color: #e91e63; \" class=\"wp-social-link wp-social-link-linkedin has-white-color wp-block-social-link\"><a href=\"#\" class=\"wp-block-social-link-anchor\"><svg width=\"24\" height=\"24\" viewBox=\"0 0 24 24\" version=\"1.1\" xmlns=\"http:\/\/www.w3.org\/2000\/svg\" aria-hidden=\"true\" focusable=\"false\"><path d=\"M19.7,3H4.3C3.582,3,3,3.582,3,4.3v15.4C3,20.418,3.582,21,4.3,21h15.4c0.718,0,1.3-0.582,1.3-1.3V4.3 C21,3.582,20.418,3,19.7,3z M8.339,18.338H5.667v-8.59h2.672V18.338z M7.004,8.574c-0.857,0-1.549-0.694-1.549-1.548 c0-0.855,0.691-1.548,1.549-1.548c0.854,0,1.547,0.694,1.547,1.548C8.551,7.881,7.858,8.574,7.004,8.574z M18.339,18.338h-2.669 v-4.177c0-0.996-0.017-2.278-1.387-2.278c-1.389,0-1.601,1.086-1.601,2.206v4.249h-2.667v-8.59h2.559v1.174h0.037 c0.356-0.675,1.227-1.387,2.526-1.387c2.703,0,3.203,1.779,3.203,4.092V18.338z\"><\/path><\/svg><span class=\"wp-block-social-link-label screen-reader-text\">LinkedIn<\/span><\/a><\/li>\n\n<li style=\"color: #ffffff; background-color: #e91e63; \" class=\"wp-social-link wp-social-link-instagram has-white-color wp-block-social-link\"><a href=\"#\" class=\"wp-block-social-link-anchor\"><svg width=\"24\" height=\"24\" viewBox=\"0 0 24 24\" version=\"1.1\" xmlns=\"http:\/\/www.w3.org\/2000\/svg\" aria-hidden=\"true\" focusable=\"false\"><path d=\"M12,4.622c2.403,0,2.688,0.009,3.637,0.052c0.877,0.04,1.354,0.187,1.671,0.31c0.42,0.163,0.72,0.358,1.035,0.673 c0.315,0.315,0.51,0.615,0.673,1.035c0.123,0.317,0.27,0.794,0.31,1.671c0.043,0.949,0.052,1.234,0.052,3.637 s-0.009,2.688-0.052,3.637c-0.04,0.877-0.187,1.354-0.31,1.671c-0.163,0.42-0.358,0.72-0.673,1.035 c-0.315,0.315-0.615,0.51-1.035,0.673c-0.317,0.123-0.794,0.27-1.671,0.31c-0.949,0.043-1.233,0.052-3.637,0.052 s-2.688-0.009-3.637-0.052c-0.877-0.04-1.354-0.187-1.671-0.31c-0.42-0.163-0.72-0.358-1.035-0.673 c-0.315-0.315-0.51-0.615-0.673-1.035c-0.123-0.317-0.27-0.794-0.31-1.671C4.631,14.688,4.622,14.403,4.622,12 s0.009-2.688,0.052-3.637c0.04-0.877,0.187-1.354,0.31-1.671c0.163-0.42,0.358-0.72,0.673-1.035 c0.315-0.315,0.615-0.51,1.035-0.673c0.317-0.123,0.794-0.27,1.671-0.31C9.312,4.631,9.597,4.622,12,4.622 M12,3 C9.556,3,9.249,3.01,8.289,3.054C7.331,3.098,6.677,3.25,6.105,3.472C5.513,3.702,5.011,4.01,4.511,4.511 c-0.5,0.5-0.808,1.002-1.038,1.594C3.25,6.677,3.098,7.331,3.054,8.289C3.01,9.249,3,9.556,3,12c0,2.444,0.01,2.751,0.054,3.711 c0.044,0.958,0.196,1.612,0.418,2.185c0.23,0.592,0.538,1.094,1.038,1.594c0.5,0.5,1.002,0.808,1.594,1.038 c0.572,0.222,1.227,0.375,2.185,0.418C9.249,20.99,9.556,21,12,21s2.751-0.01,3.711-0.054c0.958-0.044,1.612-0.196,2.185-0.418 c0.592-0.23,1.094-0.538,1.594-1.038c0.5-0.5,0.808-1.002,1.038-1.594c0.222-0.572,0.375-1.227,0.418-2.185 C20.99,14.751,21,14.444,21,12s-0.01-2.751-0.054-3.711c-0.044-0.958-0.196-1.612-0.418-2.185c-0.23-0.592-0.538-1.094-1.038-1.594 c-0.5-0.5-1.002-0.808-1.594-1.038c-0.572-0.222-1.227-0.375-2.185-0.418C14.751,3.01,14.444,3,12,3L12,3z M12,7.378 c-2.552,0-4.622,2.069-4.622,4.622S9.448,16.622,12,16.622s4.622-2.069,4.622-4.622S14.552,7.378,12,7.378z M12,15 c-1.657,0-3-1.343-3-3s1.343-3,3-3s3,1.343,3,3S13.657,15,12,15z M16.804,6.116c-0.596,0-1.08,0.484-1.08,1.08 s0.484,1.08,1.08,1.08c0.596,0,1.08-0.484,1.08-1.08S17.401,6.116,16.804,6.116z\"><\/path><\/svg><span class=\"wp-block-social-link-label screen-reader-text\">Instagram<\/span><\/a><\/li><\/ul>\n<\/div>\n\n\n\n<div class=\"wp-block-column is-layout-flow wp-block-column-is-layout-flow\">\n<div style=\"height:39px\" aria-hidden=\"true\" class=\"wp-block-spacer\"><\/div>\n<\/div>\n\n\n\n<div class=\"wp-block-column is-vertically-aligned-top is-layout-flow wp-block-column-is-layout-flow\" style=\"flex-basis:33.33%\">\n<div class=\"wp-block-group\" style=\"margin-top:-64px\"><div class=\"wp-block-group__inner-container is-layout-constrained wp-block-group-is-layout-constrained\">\n<figure class=\"wp-block-image size-full has-custom-border\"><img loading=\"lazy\" decoding=\"async\" width=\"600\" height=\"800\" src=\"https:\/\/perfilrk.com.br\/website\/wp-content\/uploads\/2025\/10\/perfil-thalita-edited.jpeg\" alt=\"\" class=\"wp-image-106\" style=\"border-radius:8px;aspect-ratio:3\/4;object-fit:cover\" srcset=\"https:\/\/perfilrk.com.br\/website\/wp-content\/uploads\/2025\/10\/perfil-thalita-edited.jpeg 600w, https:\/\/perfilrk.com.br\/website\/wp-content\/uploads\/2025\/10\/perfil-thalita-edited-225x300.jpeg 225w\" sizes=\"auto, (max-width: 600px) 100vw, 600px\" \/><\/figure>\n<\/div><\/div>\n<\/div>\n<\/div>\n<\/div><\/div>\n<\/div><\/div>\n\n\n\n<div style=\"height:60px\" aria-hidden=\"true\" class=\"wp-block-spacer\"><\/div>\n\n\n\n<hr class=\"wp-block-separator has-alpha-channel-opacity\"\/>\n\n\n\n<div style=\"height:60px\" aria-hidden=\"true\" class=\"wp-block-spacer\"><\/div>\n\n\n\n<div class=\"wp-block-group alignwide\"><div class=\"wp-block-group__inner-container is-layout-constrained wp-block-group-is-layout-constrained\">\n<h2 class=\"wp-block-heading has-text-align-left\">O grande time!<\/h2>\n\n\n\n<p class=\"has-text-align-left\">Mais do que colegas de trabalho, somos um time unido por prop\u00f3sito e paix\u00e3o por tecnologia.<br>Cada membro da PERFILRK traz consigo experi\u00eancia, criatividade e comprometimento \u2014 juntos, transformamos desafios em solu\u00e7\u00f5es e entregamos resultados que fazem a diferen\u00e7a para nossos clientes.<\/p>\n\n\n\n<div style=\"height:60px\" aria-hidden=\"true\" class=\"wp-block-spacer\"><\/div>\n\n\n\n<div style=\"height:40px\" aria-hidden=\"true\" class=\"wp-block-spacer\"><\/div>\n\n\n\n<div class=\"wp-block-columns is-layout-flex wp-container-core-columns-is-layout-47c06fe3 wp-block-columns-is-layout-flex\">\n<div class=\"wp-block-column is-layout-flow wp-block-column-is-layout-flow\" style=\"flex-basis:33.34%\">\n<div class=\"wp-block-group has-background\" style=\"border-radius:8px;background-color:#f9f8f7;padding-top:32px;padding-right:32px;padding-bottom:32px;padding-left:32px\"><div class=\"wp-block-group__inner-container is-layout-constrained wp-container-core-group-is-layout-a30d157d wp-block-group-is-layout-constrained\">\n<div class=\"wp-block-group\" style=\"margin-top:-60px;margin-bottom:20px\"><div class=\"wp-block-group__inner-container is-layout-constrained wp-block-group-is-layout-constrained\">\n<figure class=\"wp-block-image size-full is-resized has-custom-border\"><img loading=\"lazy\" decoding=\"async\" width=\"433\" height=\"432\" src=\"https:\/\/perfilrk.com.br\/website\/wp-content\/uploads\/2025\/10\/perfil-joao.png\" alt=\"\" class=\"wp-image-51\" style=\"border-radius:8px;width:133px;height:auto\" srcset=\"https:\/\/perfilrk.com.br\/website\/wp-content\/uploads\/2025\/10\/perfil-joao.png 433w, https:\/\/perfilrk.com.br\/website\/wp-content\/uploads\/2025\/10\/perfil-joao-300x300.png 300w, https:\/\/perfilrk.com.br\/website\/wp-content\/uploads\/2025\/10\/perfil-joao-150x150.png 150w\" sizes=\"auto, (max-width: 433px) 100vw, 433px\" \/><\/figure>\n<\/div><\/div>\n\n\n\n<h3 class=\"wp-block-heading\">Jo\u00e3o Baptista<\/h3>\n\n\n\n<p class=\"has-text-align-left has-accent-color has-text-color has-link-color has-small-font-size wp-elements-a998a18b5a2c3933bdeeb3c6b6289bd4\" style=\"font-style:normal;font-weight:600;text-transform:uppercase\">&#8211; Analista de TI Pleno<\/p>\n\n\n\n<p class=\"has-text-align-left has-accent-color has-text-color has-link-color has-small-font-size wp-elements-525ee222144bf3cde7ee4a207e0569f7\" style=\"font-style:normal;font-weight:600;text-transform:uppercase\">&#8211; Especialista SharePoint<\/p>\n\n\n\n<p>Profissional com ampla experi\u00eancia em administra\u00e7\u00e3o e automa\u00e7\u00e3o de ambientes Microsoft 365. Atua na estrutura\u00e7\u00e3o e otimiza\u00e7\u00e3o de sites SharePoint, integrando fluxos de trabalho e solu\u00e7\u00f5es colaborativas que aumentam a produtividade das equipes. Reconhecido pela capacidade de transformar demandas complexas em solu\u00e7\u00f5es simples e eficazes.<\/p>\n<\/div><\/div>\n<\/div>\n\n\n\n<div class=\"wp-block-column is-layout-flow wp-block-column-is-layout-flow\" style=\"flex-basis:33.34%\">\n<div class=\"wp-block-group has-background\" style=\"border-radius:8px;background-color:#f9f8f7;padding-top:32px;padding-right:32px;padding-bottom:32px;padding-left:32px\"><div class=\"wp-block-group__inner-container is-layout-constrained wp-container-core-group-is-layout-a30d157d wp-block-group-is-layout-constrained\">\n<div class=\"wp-block-group\" style=\"margin-top:-60px;margin-bottom:20px\"><div class=\"wp-block-group__inner-container is-layout-constrained wp-block-group-is-layout-constrained\">\n<figure class=\"wp-block-image size-full is-resized has-custom-border\"><img loading=\"lazy\" decoding=\"async\" width=\"388\" height=\"380\" src=\"https:\/\/perfilrk.com.br\/website\/wp-content\/uploads\/2025\/10\/perfil-jefferson-1.png\" alt=\"\" class=\"wp-image-54\" style=\"border-radius:8px;width:133px;height:auto\" srcset=\"https:\/\/perfilrk.com.br\/website\/wp-content\/uploads\/2025\/10\/perfil-jefferson-1.png 388w, https:\/\/perfilrk.com.br\/website\/wp-content\/uploads\/2025\/10\/perfil-jefferson-1-300x294.png 300w\" sizes=\"auto, (max-width: 388px) 100vw, 388px\" \/><\/figure>\n<\/div><\/div>\n\n\n\n<h3 class=\"wp-block-heading\">Jefferson Dias<\/h3>\n\n\n\n<p class=\"has-text-align-left has-accent-color has-text-color has-link-color has-small-font-size wp-elements-a998a18b5a2c3933bdeeb3c6b6289bd4\" style=\"font-style:normal;font-weight:600;text-transform:uppercase\">&#8211; Analista de TI Pleno<\/p>\n\n\n\n<p class=\"has-text-align-left has-accent-color has-text-color has-link-color has-small-font-size wp-elements-5b6d2007e40aa4869262a788c550925f\" style=\"font-style:normal;font-weight:600;text-transform:uppercase\">&#8211; Especialista monitoramento<\/p>\n\n\n\n<p>Respons\u00e1vel pelo monitoramento proativo de ambientes h\u00edbridos e em nuvem, garantindo alta disponibilidade e desempenho dos servi\u00e7os. Possui profundo conhecimento em ferramentas de observabilidade e an\u00e1lise de logs, contribuindo para a preven\u00e7\u00e3o de incidentes e a estabilidade da infraestrutura corporativa.<\/p>\n<\/div><\/div>\n<\/div>\n\n\n\n<div class=\"wp-block-column is-layout-flow wp-block-column-is-layout-flow\" style=\"flex-basis:33.33%\">\n<div class=\"wp-block-group has-background\" style=\"border-radius:8px;background-color:#f9f8f7;padding-top:32px;padding-right:32px;padding-bottom:32px;padding-left:32px\"><div class=\"wp-block-group__inner-container is-layout-constrained wp-container-core-group-is-layout-a30d157d wp-block-group-is-layout-constrained\">\n<div class=\"wp-block-group\" style=\"margin-top:-60px;margin-bottom:20px\"><div class=\"wp-block-group__inner-container is-layout-constrained wp-block-group-is-layout-constrained\">\n<figure class=\"wp-block-image size-full is-resized has-custom-border\"><img loading=\"lazy\" decoding=\"async\" width=\"349\" height=\"368\" src=\"https:\/\/perfilrk.com.br\/website\/wp-content\/uploads\/2025\/10\/perfil-guilherme.png\" alt=\"\" class=\"wp-image-52\" style=\"border-radius:8px;width:125px;height:auto\" srcset=\"https:\/\/perfilrk.com.br\/website\/wp-content\/uploads\/2025\/10\/perfil-guilherme.png 349w, https:\/\/perfilrk.com.br\/website\/wp-content\/uploads\/2025\/10\/perfil-guilherme-285x300.png 285w\" sizes=\"auto, (max-width: 349px) 100vw, 349px\" \/><\/figure>\n<\/div><\/div>\n\n\n\n<h3 class=\"wp-block-heading\">Guilherme Dias<\/h3>\n\n\n\n<p class=\"has-text-align-left has-accent-color has-text-color has-link-color has-small-font-size wp-elements-a998a18b5a2c3933bdeeb3c6b6289bd4\" style=\"font-style:normal;font-weight:600;text-transform:uppercase\">&#8211; Analista de TI Pleno<\/p>\n\n\n\n<p class=\"has-text-align-left has-accent-color has-text-color has-link-color has-small-font-size wp-elements-28695bec9f3c12e7f7b82b1156204498\" style=\"font-style:normal;font-weight:600;text-transform:uppercase\">&#8211; Especialista Power Plataforms<\/p>\n\n\n\n<p>Focado na cria\u00e7\u00e3o de solu\u00e7\u00f5es inteligentes com o ecossistema Microsoft Power Platform, unindo automa\u00e7\u00e3o de processos, integra\u00e7\u00e3o de dados e desenvolvimento low-code. Atua na moderniza\u00e7\u00e3o de fluxos corporativos e na transforma\u00e7\u00e3o digital, sempre com foco em agilidade, efici\u00eancia e inova\u00e7\u00e3o.<\/p>\n<\/div><\/div>\n<\/div>\n<\/div>\n<\/div><\/div>\n\n\n\n<p><\/p>\n","protected":false},"excerpt":{"rendered":"<p>Conhe\u00e7a mais sobre os idealizadores e o time da PERFILRK. Abaixo est\u00e3o os membros respons\u00e1veis para toda a entrega de qualidade que n\u00f3s oferecemos. Jos\u00e9 Neto ARquiteto de Solu\u00e7\u00f5es | Analista de TI S\u00eanior Jos\u00e9 Carlos do Nascimento Neto, o cara por tr\u00e1s da PERFILRK. Desde 2015, vive tecnologia no [&hellip;]<\/p>\n","protected":false},"author":1,"featured_media":0,"parent":0,"menu_order":0,"comment_status":"closed","ping_status":"closed","template":"","meta":{"_themeisle_gutenberg_block_has_review":false,"footnotes":""},"class_list":["post-49","page","type-page","status-publish","hentry"],"_hostinger_reach_plugin_has_subscription_block":false,"_hostinger_reach_plugin_is_elementor":false,"_links":{"self":[{"href":"https:\/\/perfilrk.com.br\/website\/wp-json\/wp\/v2\/pages\/49","targetHints":{"allow":["GET"]}}],"collection":[{"href":"https:\/\/perfilrk.com.br\/website\/wp-json\/wp\/v2\/pages"}],"about":[{"href":"https:\/\/perfilrk.com.br\/website\/wp-json\/wp\/v2\/types\/page"}],"author":[{"embeddable":true,"href":"https:\/\/perfilrk.com.br\/website\/wp-json\/wp\/v2\/users\/1"}],"replies":[{"embeddable":true,"href":"https:\/\/perfilrk.com.br\/website\/wp-json\/wp\/v2\/comments?post=49"}],"version-history":[{"count":31,"href":"https:\/\/perfilrk.com.br\/website\/wp-json\/wp\/v2\/pages\/49\/revisions"}],"predecessor-version":[{"id":267,"href":"https:\/\/perfilrk.com.br\/website\/wp-json\/wp\/v2\/pages\/49\/revisions\/267"}],"wp:attachment":[{"href":"https:\/\/perfilrk.com.br\/website\/wp-json\/wp\/v2\/media?parent=49"}],"curies":[{"name":"wp","href":"https:\/\/api.w.org\/{rel}","templated":true}]}}